{"id":184,"date":"2023-12-05T15:20:26","date_gmt":"2023-12-05T14:20:26","guid":{"rendered":"https:\/\/clesensoi.be\/formations\/?post_type=product&#038;p=184"},"modified":"2024-04-01T01:06:22","modified_gmt":"2024-03-31T23:06:22","slug":"cycle-3-pro-accompagner-les-enfants-avec-la-sophrologie","status":"publish","type":"product","link":"https:\/\/clesensoi.be\/formations\/product\/cycle-3-pro-accompagner-les-enfants-avec-la-sophrologie\/","title":{"rendered":"Accompagner les enfants avec la sophrologie (Zoom) &#8211; samedi 6 avril 2024 et dimanche 7 avril 2024"},"content":{"rendered":"<p>En ligne avec zoom. Un lien vous sera transmis dans les 3 jours de votre inscription.<\/p>\n<p>Les documents pdf \u00e0 utiliser durant le week-end vous seront envoy\u00e9s 7\u00a0 jours avant le module de formation.<\/p>\n<p>Vous recevrez les audios des techniques par mail apr\u00e8s le week-end.<\/p>\n<p>&nbsp;<\/p>\n<p>Samedi\u00a0 : ax\u00e9 sur les enfants en milieu scolaire, exercices et techniques pour accompagner les groupes d&#8217;enfants : pour enseignants, sophrologues, \u00e9ducateurs sp\u00e9cialis\u00e9s, psychologues et autres professionnels de l&#8217;adolescence<\/p>\n<p>Dimanche : r\u00e9serv\u00e9 aux sophrologues et psychologues : techniques pour un accompagnement individuel des enfants.<\/p>\n","protected":false},"excerpt":{"rendered":"<p>Le premier jour est consacr\u00e9 aux diff\u00e9rents jeux sophro et autres activit\u00e9s \u00e0 proposer aux enfants. Des enseignants et des parents y participent.<\/p>\n<p>Le deuxi\u00e8me jour permet aux sophrologues d&#8217;exp\u00e9rimenter ce qui a \u00e9t\u00e9 vu la veille. L&#8217;anamn\u00e8se, des \u00e9tudes de cas pratiques ainsi que la th\u00e9orie sur l&#8217;accompagnement des enfants seront abord\u00e9s soit lors de cette journ\u00e9e ou en vid\u00e9os ou pdf.<\/p>\n","protected":false},"featured_media":414,"comment_status":"open","ping_status":"closed","template":"","meta":{"_price":"360","_stock":"","_tribe_ticket_header":"","_tribe_default_ticket_provider":"","_tribe_ticket_capacity":"0","_ticket_start_date":"","_ticket_end_date":"","_tribe_ticket_show_description":"","_tribe_ticket_show_not_going":false,"_tribe_ticket_use_global_stock":"","_tribe_ticket_global_stock_level":"","_global_stock_mode":"","_global_stock_cap":"","_tribe_rsvp_for_event":"","_tribe_ticket_going_count":"","_tribe_ticket_not_going_count":"","_tribe_tickets_list":"[]","_tribe_ticket_has_attendee_info_fields":false,"_EventAllDay":false,"_EventTimezone":"","_EventStartDate":"","_EventEndDate":"","_EventStartDateUTC":"","_EventEndDateUTC":"","_EventShowMap":false,"_EventShowMapLink":false,"_EventURL":"","_EventCost":"","_EventCostDescription":"","_EventCurrencySymbol":"","_EventCurrencyCode":"","_EventCurrencyPosition":"","_EventDateTimeSeparator":"","_EventTimeRangeSeparator":"","_EventOrganizerID":[],"_EventVenueID":[],"_OrganizerEmail":"","_OrganizerPhone":"","_OrganizerWebsite":"","_VenueAddress":"","_VenueCity":"","_VenueCountry":"","_VenueProvince":"","_VenueState":"","_VenueZip":"","_VenuePhone":"","_VenueURL":"","_VenueStateProvince":"","_VenueLat":"","_VenueLng":"","_VenueShowMap":false,"_VenueShowMapLink":false,"_themeisle_gutenberg_block_has_review":false,"jetpack_post_was_ever_published":false},"product_cat":[55,52,53],"product_tag":[],"yoast_head":"<!-- This site is optimized with the Yoast SEO plugin v22.1 - https:\/\/yoast.com\/wordpress\/plugins\/seo\/ -->\n<title>Accompagner les enfants avec la sophrologie (Zoom) - samedi 6 avril 2024 et dimanche 7 avril 2024 - Formations Cl\u00e9s en soi<\/title>\n<meta name=\"description\" content=\"Formation pour accompagner les enfants avec la sophrologie et devenir sophrologue sp\u00e9cialis\u00e9 pour les enfants. Aussi pour les autres professionnels\" \/>\n<meta name=\"robots\" content=\"index, follow, max-snippet:-1, max-image-preview:large, max-video-preview:-1\" \/>\n<link rel=\"canonical\" href=\"https:\/\/clesensoi.be\/formations\/product\/cycle-3-pro-accompagner-les-enfants-avec-la-sophrologie\/\" \/>\n<meta property=\"og:locale\" content=\"fr_FR\" \/>\n<meta property=\"og:type\" content=\"article\" \/>\n<meta property=\"og:title\" content=\"Accompagner les enfants avec la sophrologie (Zoom) - samedi 6 avril 2024 et dimanche 7 avril 2024 - Formations Cl\u00e9s en soi\" \/>\n<meta property=\"og:description\" content=\"Formation pour accompagner les enfants avec la sophrologie et devenir sophrologue sp\u00e9cialis\u00e9 pour les enfants. Aussi pour les autres professionnels\" \/>\n<meta property=\"og:url\" content=\"https:\/\/clesensoi.be\/formations\/product\/cycle-3-pro-accompagner-les-enfants-avec-la-sophrologie\/\" \/>\n<meta property=\"og:site_name\" content=\"Formations Cl\u00e9s en soi\" \/>\n<meta property=\"article:modified_time\" content=\"2024-03-31T23:06:22+00:00\" \/>\n<meta property=\"og:image\" content=\"https:\/\/clesensoi.be\/formations\/wp-content\/uploads\/2023\/12\/Sans-titre-6-1.png-XxlWUd.tmp_.webp\" \/>\n\t<meta property=\"og:image:width\" content=\"1080\" \/>\n\t<meta property=\"og:image:height\" content=\"1080\" \/>\n\t<meta property=\"og:image:type\" content=\"image\/webp\" \/>\n<meta name=\"twitter:card\" content=\"summary_large_image\" \/>\n<meta name=\"twitter:label1\" content=\"Dur\u00e9e de lecture estim\u00e9e\" \/>\n\t<meta name=\"twitter:data1\" content=\"1 minute\" \/>\n<script type=\"application\/ld+json\" class=\"yoast-schema-graph\">{\"@context\":\"https:\/\/schema.org\",\"@graph\":[{\"@type\":\"WebPage\",\"@id\":\"https:\/\/clesensoi.be\/formations\/product\/cycle-3-pro-accompagner-les-enfants-avec-la-sophrologie\/\",\"url\":\"https:\/\/clesensoi.be\/formations\/product\/cycle-3-pro-accompagner-les-enfants-avec-la-sophrologie\/\",\"name\":\"Accompagner les enfants avec la sophrologie (Zoom) - samedi 6 avril 2024 et dimanche 7 avril 2024 - Formations Cl\u00e9s en soi\",\"isPartOf\":{\"@id\":\"https:\/\/clesensoi.be\/formations\/#website\"},\"datePublished\":\"2023-12-05T14:20:26+00:00\",\"dateModified\":\"2024-03-31T23:06:22+00:00\",\"description\":\"Formation pour accompagner les enfants avec la sophrologie et devenir sophrologue sp\u00e9cialis\u00e9 pour les enfants. Aussi pour les autres professionnels\",\"breadcrumb\":{\"@id\":\"https:\/\/clesensoi.be\/formations\/product\/cycle-3-pro-accompagner-les-enfants-avec-la-sophrologie\/#breadcrumb\"},\"inLanguage\":\"fr-FR\",\"potentialAction\":[{\"@type\":\"ReadAction\",\"target\":[\"https:\/\/clesensoi.be\/formations\/product\/cycle-3-pro-accompagner-les-enfants-avec-la-sophrologie\/\"]}]},{\"@type\":\"BreadcrumbList\",\"@id\":\"https:\/\/clesensoi.be\/formations\/product\/cycle-3-pro-accompagner-les-enfants-avec-la-sophrologie\/#breadcrumb\",\"itemListElement\":[{\"@type\":\"ListItem\",\"position\":1,\"name\":\"Accueil\",\"item\":\"https:\/\/clesensoi.be\/formations\/\"},{\"@type\":\"ListItem\",\"position\":2,\"name\":\"Toutes les formations en sophrologie\",\"item\":\"https:\/\/clesensoi.be\/formations\/nos-formations\/\"},{\"@type\":\"ListItem\",\"position\":3,\"name\":\"Accompagner les enfants avec la sophrologie (Zoom) &#8211; samedi 6 avril 2024 et dimanche 7 avril 2024\"}]},{\"@type\":\"WebSite\",\"@id\":\"https:\/\/clesensoi.be\/formations\/#website\",\"url\":\"https:\/\/clesensoi.be\/formations\/\",\"name\":\"Formations Cl\u00e9s en soi\",\"description\":\"La connaissance n&#039;est pas le pouvoir, mais elle est libert\u00e9.\",\"publisher\":{\"@id\":\"https:\/\/clesensoi.be\/formations\/#\/schema\/person\/c24dff67450893d62ff70fa8c9fe4abf\"},\"alternateName\":\"Cl\u00e9s en soi\",\"potentialAction\":[{\"@type\":\"SearchAction\",\"target\":{\"@type\":\"EntryPoint\",\"urlTemplate\":\"https:\/\/clesensoi.be\/formations\/?s={search_term_string}\"},\"query-input\":\"required name=search_term_string\"}],\"inLanguage\":\"fr-FR\"},{\"@type\":[\"Person\",\"Organization\"],\"@id\":\"https:\/\/clesensoi.be\/formations\/#\/schema\/person\/c24dff67450893d62ff70fa8c9fe4abf\",\"name\":\"Sabine Mezzorecchia\",\"image\":{\"@type\":\"ImageObject\",\"inLanguage\":\"fr-FR\",\"@id\":\"https:\/\/clesensoi.be\/formations\/#\/schema\/person\/image\/\",\"url\":\"https:\/\/i0.wp.com\/clesensoi.be\/formations\/wp-content\/uploads\/2023\/12\/cropped-cropped-cropped-cropped-cropped-logo-cles-512-1.png?fit=512%2C180&ssl=1\",\"contentUrl\":\"https:\/\/i0.wp.com\/clesensoi.be\/formations\/wp-content\/uploads\/2023\/12\/cropped-cropped-cropped-cropped-cropped-logo-cles-512-1.png?fit=512%2C180&ssl=1\",\"width\":512,\"height\":180,\"caption\":\"Sabine Mezzorecchia\"},\"logo\":{\"@id\":\"https:\/\/clesensoi.be\/formations\/#\/schema\/person\/image\/\"}}]}<\/script>\n<!-- \/ Yoast SEO plugin. -->","yoast_head_json":{"title":"Accompagner les enfants avec la sophrologie (Zoom) - samedi 6 avril 2024 et dimanche 7 avril 2024 - Formations Cl\u00e9s en soi","description":"Formation pour accompagner les enfants avec la sophrologie et devenir sophrologue sp\u00e9cialis\u00e9 pour les enfants. Aussi pour les autres professionnels","robots":{"index":"index","follow":"follow","max-snippet":"max-snippet:-1","max-image-preview":"max-image-preview:large","max-video-preview":"max-video-preview:-1"},"canonical":"https:\/\/clesensoi.be\/formations\/product\/cycle-3-pro-accompagner-les-enfants-avec-la-sophrologie\/","og_locale":"fr_FR","og_type":"article","og_title":"Accompagner les enfants avec la sophrologie (Zoom) - samedi 6 avril 2024 et dimanche 7 avril 2024 - Formations Cl\u00e9s en soi","og_description":"Formation pour accompagner les enfants avec la sophrologie et devenir sophrologue sp\u00e9cialis\u00e9 pour les enfants. Aussi pour les autres professionnels","og_url":"https:\/\/clesensoi.be\/formations\/product\/cycle-3-pro-accompagner-les-enfants-avec-la-sophrologie\/","og_site_name":"Formations Cl\u00e9s en soi","article_modified_time":"2024-03-31T23:06:22+00:00","og_image":[{"width":1080,"height":1080,"url":"https:\/\/clesensoi.be\/formations\/wp-content\/uploads\/2023\/12\/Sans-titre-6-1.png-XxlWUd.tmp_.webp","type":"image\/webp"}],"twitter_card":"summary_large_image","twitter_misc":{"Dur\u00e9e de lecture estim\u00e9e":"1 minute"},"schema":{"@context":"https:\/\/schema.org","@graph":[{"@type":"WebPage","@id":"https:\/\/clesensoi.be\/formations\/product\/cycle-3-pro-accompagner-les-enfants-avec-la-sophrologie\/","url":"https:\/\/clesensoi.be\/formations\/product\/cycle-3-pro-accompagner-les-enfants-avec-la-sophrologie\/","name":"Accompagner les enfants avec la sophrologie (Zoom) - samedi 6 avril 2024 et dimanche 7 avril 2024 - Formations Cl\u00e9s en soi","isPartOf":{"@id":"https:\/\/clesensoi.be\/formations\/#website"},"datePublished":"2023-12-05T14:20:26+00:00","dateModified":"2024-03-31T23:06:22+00:00","description":"Formation pour accompagner les enfants avec la sophrologie et devenir sophrologue sp\u00e9cialis\u00e9 pour les enfants. Aussi pour les autres professionnels","breadcrumb":{"@id":"https:\/\/clesensoi.be\/formations\/product\/cycle-3-pro-accompagner-les-enfants-avec-la-sophrologie\/#breadcrumb"},"inLanguage":"fr-FR","potentialAction":[{"@type":"ReadAction","target":["https:\/\/clesensoi.be\/formations\/product\/cycle-3-pro-accompagner-les-enfants-avec-la-sophrologie\/"]}]},{"@type":"BreadcrumbList","@id":"https:\/\/clesensoi.be\/formations\/product\/cycle-3-pro-accompagner-les-enfants-avec-la-sophrologie\/#breadcrumb","itemListElement":[{"@type":"ListItem","position":1,"name":"Accueil","item":"https:\/\/clesensoi.be\/formations\/"},{"@type":"ListItem","position":2,"name":"Toutes les formations en sophrologie","item":"https:\/\/clesensoi.be\/formations\/nos-formations\/"},{"@type":"ListItem","position":3,"name":"Accompagner les enfants avec la sophrologie (Zoom) &#8211; samedi 6 avril 2024 et dimanche 7 avril 2024"}]},{"@type":"WebSite","@id":"https:\/\/clesensoi.be\/formations\/#website","url":"https:\/\/clesensoi.be\/formations\/","name":"Formations Cl\u00e9s en soi","description":"La connaissance n&#039;est pas le pouvoir, mais elle est libert\u00e9.","publisher":{"@id":"https:\/\/clesensoi.be\/formations\/#\/schema\/person\/c24dff67450893d62ff70fa8c9fe4abf"},"alternateName":"Cl\u00e9s en soi","potentialAction":[{"@type":"SearchAction","target":{"@type":"EntryPoint","urlTemplate":"https:\/\/clesensoi.be\/formations\/?s={search_term_string}"},"query-input":"required name=search_term_string"}],"inLanguage":"fr-FR"},{"@type":["Person","Organization"],"@id":"https:\/\/clesensoi.be\/formations\/#\/schema\/person\/c24dff67450893d62ff70fa8c9fe4abf","name":"Sabine Mezzorecchia","image":{"@type":"ImageObject","inLanguage":"fr-FR","@id":"https:\/\/clesensoi.be\/formations\/#\/schema\/person\/image\/","url":"https:\/\/i0.wp.com\/clesensoi.be\/formations\/wp-content\/uploads\/2023\/12\/cropped-cropped-cropped-cropped-cropped-logo-cles-512-1.png?fit=512%2C180&ssl=1","contentUrl":"https:\/\/i0.wp.com\/clesensoi.be\/formations\/wp-content\/uploads\/2023\/12\/cropped-cropped-cropped-cropped-cropped-logo-cles-512-1.png?fit=512%2C180&ssl=1","width":512,"height":180,"caption":"Sabine Mezzorecchia"},"logo":{"@id":"https:\/\/clesensoi.be\/formations\/#\/schema\/person\/image\/"}}]}},"jetpack_sharing_enabled":true,"jetpack-related-posts":[],"_links":{"self":[{"href":"https:\/\/clesensoi.be\/formations\/wp-json\/wp\/v2\/product\/184"}],"collection":[{"href":"https:\/\/clesensoi.be\/formations\/wp-json\/wp\/v2\/product"}],"about":[{"href":"https:\/\/clesensoi.be\/formations\/wp-json\/wp\/v2\/types\/product"}],"replies":[{"embeddable":true,"href":"https:\/\/clesensoi.be\/formations\/wp-json\/wp\/v2\/comments?post=184"}],"wp:featuredmedia":[{"embeddable":true,"href":"https:\/\/clesensoi.be\/formations\/wp-json\/wp\/v2\/media\/414"}],"wp:attachment":[{"href":"https:\/\/clesensoi.be\/formations\/wp-json\/wp\/v2\/media?parent=184"}],"wp:term":[{"taxonomy":"product_cat","embeddable":true,"href":"https:\/\/clesensoi.be\/formations\/wp-json\/wp\/v2\/product_cat?post=184"},{"taxonomy":"product_tag","embeddable":true,"href":"https:\/\/clesensoi.be\/formations\/wp-json\/wp\/v2\/product_tag?post=184"}],"curies":[{"name":"wp","href":"https:\/\/api.w.org\/{rel}","templated":true}]}}